{"id":402,"date":"2016-08-05T09:23:27","date_gmt":"2016-08-05T09:23:27","guid":{"rendered":"http:\/\/www.rdotsegroup.com\/inege\/?page_id=402"},"modified":"2023-11-22T13:02:06","modified_gmt":"2023-11-22T12:02:06","slug":"eventos","status":"publish","type":"page","link":"https:\/\/inege.org\/?page_id=402","title":{"rendered":"Eventos"},"content":{"rendered":"\t\t<div data-elementor-type=\"wp-page\" data-elementor-id=\"402\" class=\"elementor elementor-402\" data-elementor-post-type=\"page\">\n\t\t\t\t\t\t<section class=\"elementor-section elementor-top-section elementor-element elementor-element-b0f9083 elementor-section-boxed elementor-section-height-default elementor-section-height-default\" data-id=\"b0f9083\" data-element_type=\"section\" data-e-type=\"section\">\n\t\t\t\t\t\t<div class=\"elementor-container elementor-column-gap-default\">\n\t\t\t\t\t<div class=\"elementor-column elementor-col-100 elementor-top-column elementor-element elementor-element-1a657f9\" data-id=\"1a657f9\" data-element_type=\"column\" data-e-type=\"column\">\n\t\t\t<div class=\"elementor-widget-wrap elementor-element-populated\">\n\t\t\t\t\t\t<div class=\"elementor-element elementor-element-95b6995 elementor-widget elementor-widget-epic_element_header_elementor\" data-id=\"95b6995\" data-element_type=\"widget\" data-e-type=\"widget\" data-widget_type=\"epic_element_header_elementor.default\">\n\t\t\t\t<div class=\"elementor-widget-container\">\n\t\t\t\t\t<div  class=\"jeg_block_heading jeg_block_heading_5 jeg_alignleft epic_module__0_69e15d3ddc9c6   \">\n                    <h3 class=\"jeg_block_title\"><span>Eventos<\/span><\/h3>\n                    <style>.epic_module__0_69e15d3ddc9c6.jeg_block_heading_5 .jeg_block_title span, .epic_module__0_69e15d3ddc9c6.jeg_block_heading_5 .jeg_block_title i { color: #21378C; }.epic_module__0_69e15d3ddc9c6.jeg_block_heading_5:before { border-color: #21378C; }<\/style>\n                <\/div>\t\t\t\t<\/div>\n\t\t\t\t<\/div>\n\t\t\t\t\t<\/div>\n\t\t<\/div>\n\t\t\t\t\t<\/div>\n\t\t<\/section>\n\t\t\t\t<section class=\"elementor-section elementor-top-section elementor-element elementor-element-5d057348 elementor-section-boxed elementor-section-height-default elementor-section-height-default\" data-id=\"5d057348\" data-element_type=\"section\" data-e-type=\"section\">\n\t\t\t\t\t\t<div class=\"elementor-container elementor-column-gap-default\">\n\t\t\t\t\t<div class=\"elementor-column elementor-col-100 elementor-top-column elementor-element elementor-element-6af95908\" data-id=\"6af95908\" data-element_type=\"column\" data-e-type=\"column\">\n\t\t\t<div class=\"elementor-widget-wrap elementor-element-populated\">\n\t\t\t\t\t\t<div class=\"elementor-element elementor-element-20112be elementor-grid-1 elementor-posts--thumbnail-left elementor-grid-tablet-2 elementor-grid-mobile-1 elementor-widget elementor-widget-posts\" data-id=\"20112be\" data-element_type=\"widget\" data-e-type=\"widget\" data-settings=\"{&quot;classic_columns&quot;:&quot;1&quot;,&quot;classic_row_gap&quot;:{&quot;unit&quot;:&quot;px&quot;,&quot;size&quot;:10,&quot;sizes&quot;:[]},&quot;pagination_type&quot;:&quot;numbers_and_prev_next&quot;,&quot;classic_columns_tablet&quot;:&quot;2&quot;,&quot;classic_columns_mobile&quot;:&quot;1&quot;,&quot;classic_row_gap_tablet&quot;:{&quot;unit&quot;:&quot;px&quot;,&quot;size&quot;:&quot;&quot;,&quot;sizes&quot;:[]},&quot;classic_row_gap_mobile&quot;:{&quot;unit&quot;:&quot;px&quot;,&quot;size&quot;:&quot;&quot;,&quot;sizes&quot;:[]}}\" data-widget_type=\"posts.classic\">\n\t\t\t\t<div class=\"elementor-widget-container\">\n\t\t\t\t\t\t\t<div class=\"elementor-posts-container elementor-posts elementor-posts--skin-classic elementor-grid\" role=\"list\">\n\t\t\t\t<article class=\"elementor-post elementor-grid-item post-16167 post type-post status-publish format-standard has-post-thumbnail hentry category-destacados category-news\" role=\"listitem\">\n\t\t\t\t<a class=\"elementor-post__thumbnail__link\" href=\"https:\/\/inege.org\/?p=16167\" tabindex=\"-1\" >\n\t\t\t<div class=\"elementor-post__thumbnail\"><img fetchpriority=\"high\" decoding=\"async\" width=\"746\" height=\"359\" src=\"https:\/\/inege.org\/wp-content\/uploads\/2026\/04\/ONU-1.jpg\" class=\"attachment-full size-full wp-image-16166\" alt=\"\" srcset=\"https:\/\/inege.org\/wp-content\/uploads\/2026\/04\/ONU-1.jpg 746w, https:\/\/inege.org\/wp-content\/uploads\/2026\/04\/ONU-1-300x144.jpg 300w\" \/><\/div>\n\t\t<\/a>\n\t\t\t\t<div class=\"elementor-post__text\">\n\t\t\t\t<h3 class=\"elementor-post__title\">\n\t\t\t<a href=\"https:\/\/inege.org\/?p=16167\" >\n\t\t\t\tLA ONU ELIGE A GUINEA ECUATORIAL COMO MIEMBRO DE LA COMISI\u00d3N DE ESTAD\u00cdSTICA PARA UN PER\u00cdODO DE TRES A\u00d1OS\t\t\t<\/a>\n\t\t<\/h3>\n\t\t\t\t<div class=\"elementor-post__meta-data\">\n\t\t\t\t\t<span class=\"elementor-post-date\">\n\t\t\t10 de abril de 2026\t\t<\/span>\n\t\t\t\t<\/div>\n\t\t\t\t<div class=\"elementor-post__excerpt\">\n\t\t\t<p>Guinea Ecuatorial ha sido elegida por la Organizaci\u00f3n de las Naciones Unidas (ONU) como miembro de la Comisi\u00f3n de Estad\u00edstica para el per\u00edodo 2027-2030. Esta elecci\u00f3n ha tenido lugar el jueves, 09 de abril del presente a\u00f1o, durante la XVII<\/p>\n\t\t<\/div>\n\t\t\n\t\t<a class=\"elementor-post__read-more\" href=\"https:\/\/inege.org\/?p=16167\" aria-label=\"Read more about LA ONU ELIGE A GUINEA ECUATORIAL COMO MIEMBRO DE LA COMISI\u00d3N DE ESTAD\u00cdSTICA PARA UN PER\u00cdODO DE TRES A\u00d1OS\" tabindex=\"-1\" >\n\t\t\tLeer Mas \u00bb\t\t<\/a>\n\n\t\t\t\t<\/div>\n\t\t\t\t<\/article>\n\t\t\t\t<article class=\"elementor-post elementor-grid-item post-16157 post type-post status-publish format-standard has-post-thumbnail hentry category-destacados category-news\" role=\"listitem\">\n\t\t\t\t<a class=\"elementor-post__thumbnail__link\" href=\"https:\/\/inege.org\/?p=16157\" tabindex=\"-1\" >\n\t\t\t<div class=\"elementor-post__thumbnail\"><img decoding=\"async\" width=\"2560\" height=\"1707\" src=\"https:\/\/inege.org\/wp-content\/uploads\/2026\/04\/IMG_0768-scaled.jpg\" class=\"attachment-full size-full wp-image-16158\" alt=\"\" srcset=\"https:\/\/inege.org\/wp-content\/uploads\/2026\/04\/IMG_0768-scaled.jpg 2560w, https:\/\/inege.org\/wp-content\/uploads\/2026\/04\/IMG_0768-300x200.jpg 300w, https:\/\/inege.org\/wp-content\/uploads\/2026\/04\/IMG_0768-1024x683.jpg 1024w, https:\/\/inege.org\/wp-content\/uploads\/2026\/04\/IMG_0768-768x512.jpg 768w, https:\/\/inege.org\/wp-content\/uploads\/2026\/04\/IMG_0768-1536x1024.jpg 1536w, https:\/\/inege.org\/wp-content\/uploads\/2026\/04\/IMG_0768-2048x1365.jpg 2048w, https:\/\/inege.org\/wp-content\/uploads\/2026\/04\/IMG_0768-750x500.jpg 750w, https:\/\/inege.org\/wp-content\/uploads\/2026\/04\/IMG_0768-1140x760.jpg 1140w\" \/><\/div>\n\t\t<\/a>\n\t\t\t\t<div class=\"elementor-post__text\">\n\t\t\t\t<h3 class=\"elementor-post__title\">\n\t\t\t<a href=\"https:\/\/inege.org\/?p=16157\" >\n\t\t\t\tS\u00c9PTIMA  SESI\u00d3N ORDINARIA DEL COMIT\u00c9 DE PROGRAMAS ESTAD\u00cdSTICOS\t\t\t<\/a>\n\t\t<\/h3>\n\t\t\t\t<div class=\"elementor-post__meta-data\">\n\t\t\t\t\t<span class=\"elementor-post-date\">\n\t\t\t8 de abril de 2026\t\t<\/span>\n\t\t\t\t<\/div>\n\t\t\t\t<div class=\"elementor-post__excerpt\">\n\t\t\t<p>El Comit\u00e9 de Programas Estad\u00edsticos, CPE, ha celebrado en la jornada de este mi\u00e9rcoles 8 de abril 2026 en el Ministerio de Hacienda, Planificaci\u00f3n y Desarrollo Econ\u00f3mico, en la ciudad de Malabo su s\u00e9ptima reuni\u00f3n ordinaria. Esta reuni\u00f3n estatutaria tiene<\/p>\n\t\t<\/div>\n\t\t\n\t\t<a class=\"elementor-post__read-more\" href=\"https:\/\/inege.org\/?p=16157\" aria-label=\"Read more about S\u00c9PTIMA  SESI\u00d3N ORDINARIA DEL COMIT\u00c9 DE PROGRAMAS ESTAD\u00cdSTICOS\" tabindex=\"-1\" >\n\t\t\tLeer Mas \u00bb\t\t<\/a>\n\n\t\t\t\t<\/div>\n\t\t\t\t<\/article>\n\t\t\t\t<article class=\"elementor-post elementor-grid-item post-16126 post type-post status-publish format-standard has-post-thumbnail hentry category-destacados category-news\" role=\"listitem\">\n\t\t\t\t<a class=\"elementor-post__thumbnail__link\" href=\"https:\/\/inege.org\/?p=16126\" tabindex=\"-1\" >\n\t\t\t<div class=\"elementor-post__thumbnail\"><img decoding=\"async\" width=\"4032\" height=\"3024\" src=\"https:\/\/inege.org\/wp-content\/uploads\/2026\/03\/IMG_4522.jpg\" class=\"attachment-full size-full wp-image-16123\" alt=\"\" \/><\/div>\n\t\t<\/a>\n\t\t\t\t<div class=\"elementor-post__text\">\n\t\t\t\t<h3 class=\"elementor-post__title\">\n\t\t\t<a href=\"https:\/\/inege.org\/?p=16126\" >\n\t\t\t\tPRIMERA REUNI\u00d3N DEL COMIT\u00c9 T\u00c9CNICO DEL PROYECTO DE IMPLEMENTACI\u00d3N DEL SISTEMA DE CUENTAS NACIONALES 2008 (SCN 2008) Y CAMBIO DEL A\u00d1O BASE DE LAS CUENTAS NACIONALES\t\t\t<\/a>\n\t\t<\/h3>\n\t\t\t\t<div class=\"elementor-post__meta-data\">\n\t\t\t\t\t<span class=\"elementor-post-date\">\n\t\t\t27 de marzo de 2026\t\t<\/span>\n\t\t\t\t<\/div>\n\t\t\t\t<div class=\"elementor-post__excerpt\">\n\t\t\t<p>Este viernes 26 de marzo se celebr\u00f3, en la sede del Instituto Nacional de Estad\u00edstica de Guinea Ecuatorial (INEGE), la primera reuni\u00f3n del Comit\u00e9 T\u00e9cnico de Pilotaje, \u00f3rgano encargado de la coordinaci\u00f3n t\u00e9cnica, el seguimiento y la evaluaci\u00f3n del Proyecto<\/p>\n\t\t<\/div>\n\t\t\n\t\t<a class=\"elementor-post__read-more\" href=\"https:\/\/inege.org\/?p=16126\" aria-label=\"Read more about PRIMERA REUNI\u00d3N DEL COMIT\u00c9 T\u00c9CNICO DEL PROYECTO DE IMPLEMENTACI\u00d3N DEL SISTEMA DE CUENTAS NACIONALES 2008 (SCN 2008) Y CAMBIO DEL A\u00d1O BASE DE LAS CUENTAS NACIONALES\" tabindex=\"-1\" >\n\t\t\tLeer Mas \u00bb\t\t<\/a>\n\n\t\t\t\t<\/div>\n\t\t\t\t<\/article>\n\t\t\t\t<article class=\"elementor-post elementor-grid-item post-16115 post type-post status-publish format-standard has-post-thumbnail hentry category-destacados category-news\" role=\"listitem\">\n\t\t\t\t<a class=\"elementor-post__thumbnail__link\" href=\"https:\/\/inege.org\/?p=16115\" tabindex=\"-1\" >\n\t\t\t<div class=\"elementor-post__thumbnail\"><img loading=\"lazy\" decoding=\"async\" width=\"3666\" height=\"2750\" src=\"https:\/\/inege.org\/wp-content\/uploads\/2026\/03\/IMG_4482.jpg\" class=\"attachment-full size-full wp-image-16131\" alt=\"\" \/><\/div>\n\t\t<\/a>\n\t\t\t\t<div class=\"elementor-post__text\">\n\t\t\t\t<h3 class=\"elementor-post__title\">\n\t\t\t<a href=\"https:\/\/inege.org\/?p=16115\" >\n\t\t\t\tINEGE CELEBRA SU PRIMERA REUNI\u00d3N DEL CONSEJO DIRECTIVO DEL A\u00d1O 2026\t\t\t<\/a>\n\t\t<\/h3>\n\t\t\t\t<div class=\"elementor-post__meta-data\">\n\t\t\t\t\t<span class=\"elementor-post-date\">\n\t\t\t26 de marzo de 2026\t\t<\/span>\n\t\t\t\t<\/div>\n\t\t\t\t<div class=\"elementor-post__excerpt\">\n\t\t\t<p>Los miembros que conforman el Consejo Directivo del Instituto Nacional de Estad\u00edstica de Guinea Ecuatorial (INEGE) celebraron este jueves 26 de marzo su primera reuni\u00f3n plenaria del a\u00f1o 2026. El encuentro, desarrollado en las instalaciones de la instituci\u00f3n, ubicadas en<\/p>\n\t\t<\/div>\n\t\t\n\t\t<a class=\"elementor-post__read-more\" href=\"https:\/\/inege.org\/?p=16115\" aria-label=\"Read more about INEGE CELEBRA SU PRIMERA REUNI\u00d3N DEL CONSEJO DIRECTIVO DEL A\u00d1O 2026\" tabindex=\"-1\" >\n\t\t\tLeer Mas \u00bb\t\t<\/a>\n\n\t\t\t\t<\/div>\n\t\t\t\t<\/article>\n\t\t\t\t<article class=\"elementor-post elementor-grid-item post-15902 post type-post status-publish format-standard has-post-thumbnail hentry category-destacados category-news\" role=\"listitem\">\n\t\t\t\t<a class=\"elementor-post__thumbnail__link\" href=\"https:\/\/inege.org\/?p=15902\" tabindex=\"-1\" >\n\t\t\t<div class=\"elementor-post__thumbnail\"><img loading=\"lazy\" decoding=\"async\" width=\"1059\" height=\"628\" src=\"https:\/\/inege.org\/wp-content\/uploads\/2026\/03\/Captura-de-pantalla-2026-03-05-102329.jpg\" class=\"attachment-full size-full wp-image-15905\" alt=\"\" \/><\/div>\n\t\t<\/a>\n\t\t\t\t<div class=\"elementor-post__text\">\n\t\t\t\t<h3 class=\"elementor-post__title\">\n\t\t\t<a href=\"https:\/\/inege.org\/?p=15902\" >\n\t\t\t\tINEGE ASISTE A LA 57 PER\u00cdODO DE SESIONES DE LA COMISI\u00d3N DE ESTAD\u00cdSTICA DE LAS NACIONES UNIDAS\t\t\t<\/a>\n\t\t<\/h3>\n\t\t\t\t<div class=\"elementor-post__meta-data\">\n\t\t\t\t\t<span class=\"elementor-post-date\">\n\t\t\t5 de marzo de 2026\t\t<\/span>\n\t\t\t\t<\/div>\n\t\t\t\t<div class=\"elementor-post__excerpt\">\n\t\t\t<p>Guinea Ecuatorial reafirma su compromiso con el fortalecimiento de las estad\u00edsticas de Gobernanza s\u00f3lidas, comparables y basadas en est\u00e1ndares internacionales. Este posicionamiento fue expresado por el director general del Instituto Nacional de Estad\u00edstica de Guinea Ecuatorial (INEGE), Iltmo Se\u00f1or. Rocardo<\/p>\n\t\t<\/div>\n\t\t\n\t\t<a class=\"elementor-post__read-more\" href=\"https:\/\/inege.org\/?p=15902\" aria-label=\"Read more about INEGE ASISTE A LA 57 PER\u00cdODO DE SESIONES DE LA COMISI\u00d3N DE ESTAD\u00cdSTICA DE LAS NACIONES UNIDAS\" tabindex=\"-1\" >\n\t\t\tLeer Mas \u00bb\t\t<\/a>\n\n\t\t\t\t<\/div>\n\t\t\t\t<\/article>\n\t\t\t\t<article class=\"elementor-post elementor-grid-item post-16019 post type-post status-publish format-standard has-post-thumbnail hentry category-destacados category-news\" role=\"listitem\">\n\t\t\t\t<a class=\"elementor-post__thumbnail__link\" href=\"https:\/\/inege.org\/?p=16019\" tabindex=\"-1\" >\n\t\t\t<div class=\"elementor-post__thumbnail\"><img loading=\"lazy\" decoding=\"async\" width=\"1600\" height=\"738\" src=\"https:\/\/inege.org\/wp-content\/uploads\/2026\/02\/SVDB.jpeg\" class=\"attachment-full size-full wp-image-15889\" alt=\"\" \/><\/div>\n\t\t<\/a>\n\t\t\t\t<div class=\"elementor-post__text\">\n\t\t\t\t<h3 class=\"elementor-post__title\">\n\t\t\t<a href=\"https:\/\/inege.org\/?p=16019\" >\n\t\t\t\tCONMEMORACI\u00d3N DEL D\u00c9CIMO TERCER ANIVERSARIO DE LA IMPLEMENTACI\u00d3N DEL INEGE\t\t\t<\/a>\n\t\t<\/h3>\n\t\t\t\t<div class=\"elementor-post__meta-data\">\n\t\t\t\t\t<span class=\"elementor-post-date\">\n\t\t\t27 de febrero de 2026\t\t<\/span>\n\t\t\t\t<\/div>\n\t\t\t\t<div class=\"elementor-post__excerpt\">\n\t\t\t<p>Este mi\u00e9rcoles, 25 de febrero, el Instituto Nacional de Estad\u00edstica de Guinea Ecuatorial (INEGE conmemora su XIII aniversario de su implementaci\u00f3n efectiva, en 2013). Con ocasi\u00f3n a esta efem\u00e9ride, la directiva de la instituci\u00f3n ha organizado varias actividades, se destaca<\/p>\n\t\t<\/div>\n\t\t\n\t\t<a class=\"elementor-post__read-more\" href=\"https:\/\/inege.org\/?p=16019\" aria-label=\"Read more about CONMEMORACI\u00d3N DEL D\u00c9CIMO TERCER ANIVERSARIO DE LA IMPLEMENTACI\u00d3N DEL INEGE\" tabindex=\"-1\" >\n\t\t\tLeer Mas \u00bb\t\t<\/a>\n\n\t\t\t\t<\/div>\n\t\t\t\t<\/article>\n\t\t\t\t<\/div>\n\t\t\n\t\t\t\t<div class=\"e-load-more-anchor\" data-page=\"1\" data-max-page=\"20\" data-next-page=\"https:\/\/inege.org\/index.php?rest_route=%2Fwp%2Fv2%2Fpages%2F402&#038;paged=2\"><\/div>\n\t\t\t\t<nav class=\"elementor-pagination\" aria-label=\"Pagination\">\n\t\t\t<span class=\"page-numbers prev\">&laquo; <\/span>\r\n<span aria-current=\"page\" class=\"page-numbers current\"><span class=\"elementor-screen-only\">Page<\/span>1<\/span>\r\n<a class=\"page-numbers\" href=\"https:\/\/inege.org\/index.php\/?paged=2\"><span class=\"elementor-screen-only\">Page<\/span>2<\/a>\r\n<a class=\"page-numbers\" href=\"https:\/\/inege.org\/index.php\/?paged=3\"><span class=\"elementor-screen-only\">Page<\/span>3<\/a>\r\n<a class=\"page-numbers\" href=\"https:\/\/inege.org\/index.php\/?paged=4\"><span class=\"elementor-screen-only\">Page<\/span>4<\/a>\r\n<a class=\"page-numbers\" href=\"https:\/\/inege.org\/index.php\/?paged=5\"><span class=\"elementor-screen-only\">Page<\/span>5<\/a>\r\n<a class=\"page-numbers next\" href=\"https:\/\/inege.org\/index.php?rest_route=%2Fwp%2Fv2%2Fpages%2F402&#038;paged=2\"> &raquo;<\/a>\t\t<\/nav>\n\t\t\t\t\t\t<\/div>\n\t\t\t\t<\/div>\n\t\t\t\t\t<\/div>\n\t\t<\/div>\n\t\t\t\t\t<\/div>\n\t\t<\/section>\n\t\t\t\t<\/div>\n\t\t","protected":false},"excerpt":{"rendered":"<p>Eventos<\/p>\n","protected":false},"author":82,"featured_media":0,"parent":159,"menu_order":0,"comment_status":"closed","ping_status":"closed","template":"elementor_header_footer","meta":{"footnotes":""},"class_list":["post-402","page","type-page","status-publish","hentry"],"_links":{"self":[{"href":"https:\/\/inege.org\/index.php?rest_route=\/wp\/v2\/pages\/402","targetHints":{"allow":["GET"]}}],"collection":[{"href":"https:\/\/inege.org\/index.php?rest_route=\/wp\/v2\/pages"}],"about":[{"href":"https:\/\/inege.org\/index.php?rest_route=\/wp\/v2\/types\/page"}],"author":[{"embeddable":true,"href":"https:\/\/inege.org\/index.php?rest_route=\/wp\/v2\/users\/82"}],"replies":[{"embeddable":true,"href":"https:\/\/inege.org\/index.php?rest_route=%2Fwp%2Fv2%2Fcomments&post=402"}],"version-history":[{"count":15,"href":"https:\/\/inege.org\/index.php?rest_route=\/wp\/v2\/pages\/402\/revisions"}],"predecessor-version":[{"id":4839,"href":"https:\/\/inege.org\/index.php?rest_route=\/wp\/v2\/pages\/402\/revisions\/4839"}],"up":[{"embeddable":true,"href":"https:\/\/inege.org\/index.php?rest_route=\/wp\/v2\/pages\/159"}],"wp:attachment":[{"href":"https:\/\/inege.org\/index.php?rest_route=%2Fwp%2Fv2%2Fmedia&parent=402"}],"curies":[{"name":"wp","href":"https:\/\/api.w.org\/{rel}","templated":true}]}}